{"id":2866,"date":"2025-03-03T22:28:41","date_gmt":"2025-03-03T22:28:41","guid":{"rendered":"https:\/\/www.spanishmadeasy.com\/?page_id=2866"},"modified":"2025-09-08T09:05:52","modified_gmt":"2025-09-08T09:05:52","slug":"reserva-tus-clases","status":"publish","type":"page","link":"https:\/\/www.spanishmadeasy.com\/index.php\/reserva-tus-clases\/","title":{"rendered":"Reserva tus clases"},"content":{"rendered":"\n<div class=\"wp-block-columns alignwide is-layout-flex wp-container-core-columns-is-layout-4161ef8e wp-block-columns-is-layout-flex\" style=\"margin-bottom:20px\">\n<div class=\"wp-block-column is-layout-flow wp-container-core-column-is-layout-c39a6912 wp-block-column-is-layout-flow\">\n<div class=\"wp-block-group has-global-padding is-layout-constrained wp-block-group-is-layout-constrained\">\n<div class=\"wp-block-group height-full has-primary-background-color has-background has-global-padding is-layout-constrained wp-container-core-group-is-layout-a666d811 wp-block-group-is-layout-constrained\" style=\"border-radius:20px;padding-top:var(--wp--preset--spacing--40);padding-right:var(--wp--preset--spacing--40);padding-bottom:var(--wp--preset--spacing--40);padding-left:var(--wp--preset--spacing--40)\">\n<figure class=\"wp-block-image aligncenter size-full is-resized is-style-rounded\"><img fetchpriority=\"high\" decoding=\"async\" width=\"1024\" height=\"682\" src=\"https:\/\/www.spanishmadeasy.com\/wp-content\/uploads\/2024\/06\/online-french-lessons-via-skype-1024x682-3.webp\" alt=\"\" class=\"wp-image-78\" style=\"width:210px;height:auto\" srcset=\"https:\/\/www.spanishmadeasy.com\/wp-content\/uploads\/2024\/06\/online-french-lessons-via-skype-1024x682-3.webp 1024w, https:\/\/www.spanishmadeasy.com\/wp-content\/uploads\/2024\/06\/online-french-lessons-via-skype-1024x682-3-600x400.webp 600w, https:\/\/www.spanishmadeasy.com\/wp-content\/uploads\/2024\/06\/online-french-lessons-via-skype-1024x682-3-300x200.webp 300w, https:\/\/www.spanishmadeasy.com\/wp-content\/uploads\/2024\/06\/online-french-lessons-via-skype-1024x682-3-768x512.webp 768w\" sizes=\"(max-width: 1024px) 100vw, 1024px\" \/><\/figure>\n\n\n\n<h5 class=\"wp-block-heading has-text-align-center has-vivid-red-color has-text-color has-link-color has-open-sauce-sans-font-family has-large-font-size wp-elements-453c8496e0050c5a5b637543b3ed33e6\" style=\"margin-top:var(--wp--preset--spacing--30);margin-bottom:var(--wp--preset--spacing--20);line-height:1.4\">Clases privadas<\/h5>\n\n\n\n<p class=\"has-text-align-center has-manrope-font-family has-x-small-font-size\" style=\"letter-spacing:0.02em;line-height:1.9\">Lecciones personalizadas seg\u00fan tus necesidades. Ofrecemos un curso a medida dise\u00f1ado para que te sientas c\u00f3modo hablando en situaciones cotidianas.<\/p>\n\n\n\n<div style=\"height:70px\" aria-hidden=\"true\" class=\"wp-block-spacer\"><\/div>\n\n\n\n<div style=\"height:8px\" aria-hidden=\"true\" class=\"wp-block-spacer\"><\/div>\n\n\n\n<div class=\"wp-block-buttons is-content-justification-center is-layout-flex wp-container-core-buttons-is-layout-a89b3969 wp-block-buttons-is-layout-flex\">\n<div class=\"wp-block-button\"><a class=\"wp-block-button__link wp-element-button\" href=\"https:\/\/www.spanishmadeasy.com\/index.php\/private-lessons\/\">M\u00e1s<\/a><\/div>\n<\/div>\n<\/div>\n\n\n\n<div class=\"wp-block-group height-full has-primary-background-color has-background has-global-padding is-layout-constrained wp-container-core-group-is-layout-3705915a wp-block-group-is-layout-constrained\" style=\"border-radius:20px;margin-top:var(--wp--preset--spacing--10);margin-bottom:var(--wp--preset--spacing--10);padding-top:var(--wp--preset--spacing--40);padding-right:var(--wp--preset--spacing--40);padding-bottom:var(--wp--preset--spacing--40);padding-left:var(--wp--preset--spacing--40)\">\n<figure class=\"wp-block-image aligncenter size-full is-resized is-style-rounded\"><img fetchpriority=\"high\" decoding=\"async\" width=\"1024\" height=\"682\" src=\"https:\/\/www.spanishmadeasy.com\/wp-content\/uploads\/2024\/06\/online-french-lessons-via-skype-1024x682-3.webp\" alt=\"\" class=\"wp-image-78\" style=\"width:210px;height:auto\" srcset=\"https:\/\/www.spanishmadeasy.com\/wp-content\/uploads\/2024\/06\/online-french-lessons-via-skype-1024x682-3.webp 1024w, https:\/\/www.spanishmadeasy.com\/wp-content\/uploads\/2024\/06\/online-french-lessons-via-skype-1024x682-3-600x400.webp 600w, https:\/\/www.spanishmadeasy.com\/wp-content\/uploads\/2024\/06\/online-french-lessons-via-skype-1024x682-3-300x200.webp 300w, https:\/\/www.spanishmadeasy.com\/wp-content\/uploads\/2024\/06\/online-french-lessons-via-skype-1024x682-3-768x512.webp 768w\" sizes=\"(max-width: 1024px) 100vw, 1024px\" \/><\/figure>\n\n\n\n<h5 class=\"wp-block-heading has-text-align-center has-vivid-red-color has-text-color has-link-color has-open-sauce-sans-font-family has-large-font-size wp-elements-1d10aa9c67bf2078f1907a7a511ace8d\" style=\"margin-top:var(--wp--preset--spacing--30);margin-bottom:var(--wp--preset--spacing--20);line-height:1.4\">Spanish Made Easy Pack<\/h5>\n\n\n\n<p class=\"has-text-align-center has-manrope-font-family has-x-small-font-size\" style=\"letter-spacing:0.02em;line-height:1.9\">Curso mensual especial si quieres llevar tu espa\u00f1ol a otro nivel con clases privadas, clases mensuales, grupo de Whatsapp y cursos online. <\/p>\n\n\n\n<div style=\"height:24px\" aria-hidden=\"true\" class=\"wp-block-spacer\"><\/div>\n\n\n\n<div style=\"height:8px\" aria-hidden=\"true\" class=\"wp-block-spacer\"><\/div>\n\n\n\n<div class=\"wp-block-buttons is-content-justification-center is-layout-flex wp-container-core-buttons-is-layout-a89b3969 wp-block-buttons-is-layout-flex\">\n<div class=\"wp-block-button\"><a class=\"wp-block-button__link wp-element-button\" href=\"https:\/\/www.spanishmadeasy.com\/index.php\/elementor-4366\/\">M\u00e1s<\/a><\/div>\n<\/div>\n<\/div>\n<\/div>\n<\/div>\n<\/div>\n","protected":false},"excerpt":{"rendered":"<p>Clases privadas Lecciones personalizadas seg\u00fan tus necesidades. Ofrecemos un curso a medida dise\u00f1ado para que te sientas c\u00f3modo hablando en situaciones cotidianas. Spanish Made Easy Pack Curso mensual especial si quieres llevar tu espa\u00f1ol a otro nivel con clases privadas, clases mensuales, grupo de Whatsapp y cursos online.<\/p>\n","protected":false},"author":1,"featured_media":0,"parent":0,"menu_order":0,"comment_status":"closed","ping_status":"closed","template":"","meta":{"_kadence_starter_templates_imported_post":false,"_joinchat":[],"footnotes":""},"class_list":["post-2866","page","type-page","status-publish","hentry"],"_links":{"self":[{"href":"https:\/\/www.spanishmadeasy.com\/index.php\/wp-json\/wp\/v2\/pages\/2866","targetHints":{"allow":["GET"]}}],"collection":[{"href":"https:\/\/www.spanishmadeasy.com\/index.php\/wp-json\/wp\/v2\/pages"}],"about":[{"href":"https:\/\/www.spanishmadeasy.com\/index.php\/wp-json\/wp\/v2\/types\/page"}],"author":[{"embeddable":true,"href":"https:\/\/www.spanishmadeasy.com\/index.php\/wp-json\/wp\/v2\/users\/1"}],"replies":[{"embeddable":true,"href":"https:\/\/www.spanishmadeasy.com\/index.php\/wp-json\/wp\/v2\/comments?post=2866"}],"version-history":[{"count":5,"href":"https:\/\/www.spanishmadeasy.com\/index.php\/wp-json\/wp\/v2\/pages\/2866\/revisions"}],"predecessor-version":[{"id":4910,"href":"https:\/\/www.spanishmadeasy.com\/index.php\/wp-json\/wp\/v2\/pages\/2866\/revisions\/4910"}],"wp:attachment":[{"href":"https:\/\/www.spanishmadeasy.com\/index.php\/wp-json\/wp\/v2\/media?parent=2866"}],"curies":[{"name":"wp","href":"https:\/\/api.w.org\/{rel}","templated":true}]}}