{"id":2404,"date":"2024-12-07T10:07:01","date_gmt":"2024-12-07T10:07:01","guid":{"rendered":"https:\/\/www.spanishmadeasy.com\/?page_id=2404"},"modified":"2025-01-03T22:06:42","modified_gmt":"2025-01-03T22:06:42","slug":"nivel-basico-a2","status":"publish","type":"page","link":"https:\/\/www.spanishmadeasy.com\/index.php\/nivel-basico-a2\/","title":{"rendered":"Nivel b\u00e1sico A2"},"content":{"rendered":"\n<div class=\"wp-block-group has-global-padding is-layout-constrained wp-block-group-is-layout-constrained\">\n<div class=\"wp-block-group alignfull has-global-padding is-layout-constrained wp-container-core-group-is-layout-6237d788 wp-block-group-is-layout-constrained\" style=\"padding-top:var(--wp--preset--spacing--30);padding-bottom:var(--wp--preset--spacing--30)\">\n<div class=\"wp-block-columns alignwide are-vertically-aligned-top is-layout-flex wp-container-core-columns-is-layout-c357d376 wp-block-columns-is-layout-flex\" style=\"margin-bottom:20px\">\n<div class=\"wp-block-column is-vertically-aligned-top is-layout-flow wp-container-core-column-is-layout-c39a6912 wp-block-column-is-layout-flow\">\n<div class=\"wp-block-group height-full has-light-green-cyan-background-color has-background has-global-padding is-layout-constrained wp-container-core-group-is-layout-befc7c38 wp-block-group-is-layout-constrained\" style=\"border-radius:20px;padding-top:var(--wp--preset--spacing--20);padding-right:var(--wp--preset--spacing--30);padding-bottom:var(--wp--preset--spacing--20);padding-left:var(--wp--preset--spacing--30)\">\n<figure class=\"wp-block-image aligncenter size-full is-resized has-custom-border Nexara-Duotone-Primary\"><img fetchpriority=\"high\" decoding=\"async\" width=\"1920\" height=\"1080\" src=\"https:\/\/www.spanishmadeasy.com\/wp-content\/uploads\/2024\/06\/Diseno-sin-titulo-5.jpg\" alt=\"\" class=\"wp-image-251\" style=\"border-radius:20px;aspect-ratio:1;object-fit:cover;width:145px;height:auto\" srcset=\"https:\/\/www.spanishmadeasy.com\/wp-content\/uploads\/2024\/06\/Diseno-sin-titulo-5.jpg 1920w, https:\/\/www.spanishmadeasy.com\/wp-content\/uploads\/2024\/06\/Diseno-sin-titulo-5-600x338.jpg 600w, https:\/\/www.spanishmadeasy.com\/wp-content\/uploads\/2024\/06\/Diseno-sin-titulo-5-300x169.jpg 300w, https:\/\/www.spanishmadeasy.com\/wp-content\/uploads\/2024\/06\/Diseno-sin-titulo-5-1024x576.jpg 1024w, https:\/\/www.spanishmadeasy.com\/wp-content\/uploads\/2024\/06\/Diseno-sin-titulo-5-768x432.jpg 768w, https:\/\/www.spanishmadeasy.com\/wp-content\/uploads\/2024\/06\/Diseno-sin-titulo-5-1536x864.jpg 1536w\" sizes=\"(max-width: 1920px) 100vw, 1920px\" \/><\/figure>\n\n\n\n<h5 class=\"wp-block-heading has-text-align-center has-medium-font-size\" style=\"margin-top:var(--wp--preset--spacing--30);margin-bottom:var(--wp--preset--spacing--20);line-height:1.4\">LISTENING 1 &#8211;  MI CIUDAD<\/h5>\n\n\n\n<p><\/p>\n\n\n\n<div class=\"wp-block-buttons is-content-justification-center is-layout-flex wp-container-core-buttons-is-layout-a89b3969 wp-block-buttons-is-layout-flex\">\n<div class=\"wp-block-button has-custom-font-size has-xx-small-font-size\"><a class=\"wp-block-button__link has-text-align-center wp-element-button\" href=\"https:\/\/www.spanishmadeasy.com\/index.php\/2024\/12\/06\/listening-a2-mi-ciudad\/\">Practicar<\/a><\/div>\n<\/div>\n<\/div>\n<\/div>\n\n\n\n<div class=\"wp-block-column is-vertically-aligned-top is-layout-flow wp-container-core-column-is-layout-c39a6912 wp-block-column-is-layout-flow\">\n<div class=\"wp-block-group height-full has-light-green-cyan-background-color has-background has-global-padding is-layout-constrained wp-container-core-group-is-layout-0a8b9f73 wp-block-group-is-layout-constrained\" style=\"border-radius:20px;padding-top:var(--wp--preset--spacing--20);padding-right:var(--wp--preset--spacing--40);padding-bottom:var(--wp--preset--spacing--20);padding-left:var(--wp--preset--spacing--40)\">\n<div class=\"wp-block-group height-full has-light-green-cyan-background-color has-background has-global-padding is-layout-constrained wp-container-core-group-is-layout-0a8b9f73 wp-block-group-is-layout-constrained\" style=\"border-radius:20px;padding-top:var(--wp--preset--spacing--20);padding-right:var(--wp--preset--spacing--40);padding-bottom:var(--wp--preset--spacing--20);padding-left:var(--wp--preset--spacing--40)\">\n<figure class=\"wp-block-image aligncenter size-full is-resized has-custom-border Nexara-Duotone-Primary\"><img decoding=\"async\" width=\"1920\" height=\"1080\" src=\"https:\/\/www.spanishmadeasy.com\/wp-content\/uploads\/2024\/06\/Diseno-sin-titulo-5.jpg\" alt=\"\" class=\"wp-image-251\" style=\"border-radius:19px;aspect-ratio:1;object-fit:cover;width:151px;height:auto\" srcset=\"https:\/\/www.spanishmadeasy.com\/wp-content\/uploads\/2024\/06\/Diseno-sin-titulo-5.jpg 1920w, https:\/\/www.spanishmadeasy.com\/wp-content\/uploads\/2024\/06\/Diseno-sin-titulo-5-600x338.jpg 600w, https:\/\/www.spanishmadeasy.com\/wp-content\/uploads\/2024\/06\/Diseno-sin-titulo-5-300x169.jpg 300w, https:\/\/www.spanishmadeasy.com\/wp-content\/uploads\/2024\/06\/Diseno-sin-titulo-5-1024x576.jpg 1024w, https:\/\/www.spanishmadeasy.com\/wp-content\/uploads\/2024\/06\/Diseno-sin-titulo-5-768x432.jpg 768w, https:\/\/www.spanishmadeasy.com\/wp-content\/uploads\/2024\/06\/Diseno-sin-titulo-5-1536x864.jpg 1536w\" sizes=\"(max-width: 1920px) 100vw, 1920px\" \/><\/figure>\n\n\n\n<h5 class=\"wp-block-heading has-text-align-center has-medium-font-size\" style=\"margin-top:var(--wp--preset--spacing--30);margin-bottom:var(--wp--preset--spacing--20);line-height:1.4\">LISTENING 2 &#8211;        MI RUTINA<\/h5>\n\n\n\n<div class=\"wp-block-buttons is-content-justification-center is-layout-flex wp-container-core-buttons-is-layout-a89b3969 wp-block-buttons-is-layout-flex\">\n<div class=\"wp-block-button has-custom-font-size has-xx-small-font-size\"><a class=\"wp-block-button__link has-text-align-center wp-element-button\" href=\"https:\/\/www.spanishmadeasy.com\/index.php\/2024\/12\/10\/listening-a2-mi-rutina\/\">Practicar<\/a><\/div>\n<\/div>\n<\/div>\n<\/div>\n<\/div>\n\n\n\n<div class=\"wp-block-column is-vertically-aligned-top is-layout-flow wp-container-core-column-is-layout-c39a6912 wp-block-column-is-layout-flow\">\n<div class=\"wp-block-group has-global-padding is-content-justification-center is-layout-constrained wp-block-group-is-layout-constrained\">\n<div class=\"wp-block-group has-global-padding is-layout-constrained wp-block-group-is-layout-constrained\">\n<div class=\"wp-block-group height-full has-light-green-cyan-background-color has-background has-global-padding is-layout-constrained wp-container-core-group-is-layout-0a8b9f73 wp-block-group-is-layout-constrained\" style=\"border-radius:20px;padding-top:var(--wp--preset--spacing--20);padding-right:var(--wp--preset--spacing--40);padding-bottom:var(--wp--preset--spacing--20);padding-left:var(--wp--preset--spacing--40)\">\n<figure class=\"wp-block-image aligncenter size-full is-resized has-custom-border height-full\" style=\"padding-top:var(--wp--preset--spacing--20);padding-right:var(--wp--preset--spacing--40);padding-bottom:var(--wp--preset--spacing--20);padding-left:var(--wp--preset--spacing--40)\"><img decoding=\"async\" width=\"1920\" height=\"1080\" src=\"https:\/\/www.spanishmadeasy.com\/wp-content\/uploads\/2024\/06\/Diseno-sin-titulo-5.jpg\" alt=\"\" class=\"wp-image-251\" style=\"border-radius:20px;aspect-ratio:1;object-fit:cover;width:151px;height:auto\" srcset=\"https:\/\/www.spanishmadeasy.com\/wp-content\/uploads\/2024\/06\/Diseno-sin-titulo-5.jpg 1920w, https:\/\/www.spanishmadeasy.com\/wp-content\/uploads\/2024\/06\/Diseno-sin-titulo-5-600x338.jpg 600w, https:\/\/www.spanishmadeasy.com\/wp-content\/uploads\/2024\/06\/Diseno-sin-titulo-5-300x169.jpg 300w, https:\/\/www.spanishmadeasy.com\/wp-content\/uploads\/2024\/06\/Diseno-sin-titulo-5-1024x576.jpg 1024w, https:\/\/www.spanishmadeasy.com\/wp-content\/uploads\/2024\/06\/Diseno-sin-titulo-5-768x432.jpg 768w, https:\/\/www.spanishmadeasy.com\/wp-content\/uploads\/2024\/06\/Diseno-sin-titulo-5-1536x864.jpg 1536w\" sizes=\"(max-width: 1920px) 100vw, 1920px\" \/><\/figure>\n\n\n\n<p class=\"has-text-align-center has-small-font-size\" style=\"margin-top:var(--wp--preset--spacing--30);margin-bottom:var(--wp--preset--spacing--20);line-height:1.4\"><strong>LISTENING 3 &#8211; EXCURSI\u00d3N CON AMIGOS<\/strong><\/p>\n\n\n\n<div class=\"wp-block-buttons is-content-justification-center is-layout-flex wp-container-core-buttons-is-layout-a89b3969 wp-block-buttons-is-layout-flex\">\n<div class=\"wp-block-button has-custom-font-size has-xx-small-font-size\"><a class=\"wp-block-button__link has-text-align-center wp-element-button\" href=\"https:\/\/www.spanishmadeasy.com\/index.php\/2025\/01\/03\/listening-a2-excursion-con-amigos\/\">Practicar<\/a><\/div>\n<\/div>\n<\/div>\n<\/div>\n<\/div>\n<\/div>\n<\/div>\n<\/div>\n<\/div>\n\n\n\n<div style=\"height:33px\" aria-hidden=\"true\" class=\"wp-block-spacer\"><\/div>\n\n\n\n<div class=\"wp-block-group is-content-justification-center is-nowrap is-layout-flex wp-container-core-group-is-layout-1769166a wp-block-group-is-layout-flex\" style=\"padding-top:0;padding-bottom:0\">\n<div class=\"wp-block-group alignfull has-global-padding is-layout-constrained wp-block-group-is-layout-constrained\" style=\"padding-top:var(--wp--preset--spacing--30);padding-bottom:var(--wp--preset--spacing--30)\">\n<h2 class=\"wp-block-heading has-text-align-center has-adlam-display-font-family\" style=\"font-size:clamp(23.043px, 1.44rem + ((1vw - 3.2px) * 2.337), 38px);\">GRAM\u00c1TICA<\/h2>\n\n\n\n<p class=\"has-text-align-center\"><\/p>\n\n\n\n<div style=\"height:26px\" aria-hidden=\"true\" class=\"wp-block-spacer\"><\/div>\n\n\n\n<div class=\"wp-block-columns alignwide is-layout-flex wp-container-core-columns-is-layout-c357d376 wp-block-columns-is-layout-flex\" style=\"margin-bottom:20px\">\n<div class=\"wp-block-column is-layout-flow wp-container-core-column-is-layout-c39a6912 wp-block-column-is-layout-flow\">\n<div class=\"wp-block-group height-full has-primary-background-color has-background has-global-padding is-layout-constrained wp-container-core-group-is-layout-49d549a4 wp-block-group-is-layout-constrained\" style=\"border-radius:20px;padding-top:var(--wp--preset--spacing--40);padding-right:var(--wp--preset--spacing--40);padding-bottom:var(--wp--preset--spacing--40);padding-left:var(--wp--preset--spacing--40)\">\n<figure class=\"wp-block-image aligncenter size-full is-resized Nexara-Duotone-Primary\"><img loading=\"lazy\" decoding=\"async\" width=\"1920\" height=\"1080\" src=\"https:\/\/www.spanishmadeasy.com\/wp-content\/uploads\/2024\/06\/Diseno-sin-titulo-3-2.jpg\" alt=\"\" class=\"wp-image-429\" style=\"aspect-ratio:1;object-fit:cover;width:145px;height:auto\" srcset=\"https:\/\/www.spanishmadeasy.com\/wp-content\/uploads\/2024\/06\/Diseno-sin-titulo-3-2.jpg 1920w, https:\/\/www.spanishmadeasy.com\/wp-content\/uploads\/2024\/06\/Diseno-sin-titulo-3-2-600x338.jpg 600w, https:\/\/www.spanishmadeasy.com\/wp-content\/uploads\/2024\/06\/Diseno-sin-titulo-3-2-300x169.jpg 300w, https:\/\/www.spanishmadeasy.com\/wp-content\/uploads\/2024\/06\/Diseno-sin-titulo-3-2-1024x576.jpg 1024w, https:\/\/www.spanishmadeasy.com\/wp-content\/uploads\/2024\/06\/Diseno-sin-titulo-3-2-768x432.jpg 768w, https:\/\/www.spanishmadeasy.com\/wp-content\/uploads\/2024\/06\/Diseno-sin-titulo-3-2-1536x864.jpg 1536w\" sizes=\"(max-width: 1920px) 100vw, 1920px\" \/><\/figure>\n\n\n\n<h5 class=\"wp-block-heading has-text-align-center has-medium-font-size\" style=\"margin-top:var(--wp--preset--spacing--30);margin-bottom:var(--wp--preset--spacing--20);line-height:1.4\">EL FUTURO PR\u00d3XIMO<\/h5>\n\n\n\n<div class=\"wp-block-buttons is-content-justification-center is-layout-flex wp-container-core-buttons-is-layout-a89b3969 wp-block-buttons-is-layout-flex\">\n<div class=\"wp-block-button has-custom-font-size has-xx-small-font-size\"><a class=\"wp-block-button__link has-text-align-center wp-element-button\" href=\"https:\/\/www.spanishmadeasy.com\/index.php\/2024\/06\/14\/gramatica-el-futuro-proximo\/\">Practicar<\/a><\/div>\n<\/div>\n<\/div>\n<\/div>\n\n\n\n<div class=\"wp-block-column is-layout-flow wp-container-core-column-is-layout-c39a6912 wp-block-column-is-layout-flow\">\n<div class=\"wp-block-group height-full has-primary-background-color has-background has-global-padding is-layout-constrained wp-container-core-group-is-layout-a80f4891 wp-block-group-is-layout-constrained\" style=\"border-radius:20px;margin-top:0;margin-bottom:0;padding-top:var(--wp--preset--spacing--40);padding-right:var(--wp--preset--spacing--40);padding-bottom:var(--wp--preset--spacing--40);padding-left:var(--wp--preset--spacing--40)\">\n<figure class=\"wp-block-image aligncenter size-full is-resized Nexara-Duotone-Primary\"><img loading=\"lazy\" decoding=\"async\" width=\"1920\" height=\"1080\" src=\"https:\/\/www.spanishmadeasy.com\/wp-content\/uploads\/2024\/06\/Diseno-sin-titulo-3-2.jpg\" alt=\"\" class=\"wp-image-429\" style=\"aspect-ratio:1;object-fit:cover;width:151px;height:auto\" srcset=\"https:\/\/www.spanishmadeasy.com\/wp-content\/uploads\/2024\/06\/Diseno-sin-titulo-3-2.jpg 1920w, https:\/\/www.spanishmadeasy.com\/wp-content\/uploads\/2024\/06\/Diseno-sin-titulo-3-2-600x338.jpg 600w, https:\/\/www.spanishmadeasy.com\/wp-content\/uploads\/2024\/06\/Diseno-sin-titulo-3-2-300x169.jpg 300w, https:\/\/www.spanishmadeasy.com\/wp-content\/uploads\/2024\/06\/Diseno-sin-titulo-3-2-1024x576.jpg 1024w, https:\/\/www.spanishmadeasy.com\/wp-content\/uploads\/2024\/06\/Diseno-sin-titulo-3-2-768x432.jpg 768w, https:\/\/www.spanishmadeasy.com\/wp-content\/uploads\/2024\/06\/Diseno-sin-titulo-3-2-1536x864.jpg 1536w\" sizes=\"(max-width: 1920px) 100vw, 1920px\" \/><\/figure>\n\n\n\n<h5 class=\"wp-block-heading has-text-align-center has-medium-font-size\" style=\"margin-top:var(--wp--preset--spacing--30);margin-bottom:var(--wp--preset--spacing--20);line-height:1.4\">SER VS ESTAR     <\/h5>\n\n\n\n<div style=\"height:23px\" aria-hidden=\"true\" class=\"wp-block-spacer\"><\/div>\n\n\n\n<div class=\"wp-block-buttons is-content-justification-center is-layout-flex wp-container-core-buttons-is-layout-a89b3969 wp-block-buttons-is-layout-flex\">\n<div class=\"wp-block-button has-custom-font-size has-xx-small-font-size\"><a class=\"wp-block-button__link has-text-align-center wp-element-button\" href=\"https:\/\/www.spanishmadeasy.com\/index.php\/2024\/07\/24\/ser-vs-estar\/\">Practicar<\/a><\/div>\n<\/div>\n<\/div>\n<\/div>\n<\/div>\n<\/div>\n<\/div>\n\n\n\n<p><\/p>\n","protected":false},"excerpt":{"rendered":"<p>LISTENING 1 &#8211; MI CIUDAD LISTENING 2 &#8211; MI RUTINA LISTENING 3 &#8211; EXCURSI\u00d3N CON AMIGOS GRAM\u00c1TICA EL FUTURO PR\u00d3XIMO SER VS ESTAR<\/p>\n","protected":false},"author":1,"featured_media":0,"parent":0,"menu_order":0,"comment_status":"closed","ping_status":"closed","template":"","meta":{"_kadence_starter_templates_imported_post":false,"_joinchat":[],"footnotes":""},"class_list":["post-2404","page","type-page","status-publish","hentry"],"_links":{"self":[{"href":"https:\/\/www.spanishmadeasy.com\/index.php\/wp-json\/wp\/v2\/pages\/2404","targetHints":{"allow":["GET"]}}],"collection":[{"href":"https:\/\/www.spanishmadeasy.com\/index.php\/wp-json\/wp\/v2\/pages"}],"about":[{"href":"https:\/\/www.spanishmadeasy.com\/index.php\/wp-json\/wp\/v2\/types\/page"}],"author":[{"embeddable":true,"href":"https:\/\/www.spanishmadeasy.com\/index.php\/wp-json\/wp\/v2\/users\/1"}],"replies":[{"embeddable":true,"href":"https:\/\/www.spanishmadeasy.com\/index.php\/wp-json\/wp\/v2\/comments?post=2404"}],"version-history":[{"count":9,"href":"https:\/\/www.spanishmadeasy.com\/index.php\/wp-json\/wp\/v2\/pages\/2404\/revisions"}],"predecessor-version":[{"id":2735,"href":"https:\/\/www.spanishmadeasy.com\/index.php\/wp-json\/wp\/v2\/pages\/2404\/revisions\/2735"}],"wp:attachment":[{"href":"https:\/\/www.spanishmadeasy.com\/index.php\/wp-json\/wp\/v2\/media?parent=2404"}],"curies":[{"name":"wp","href":"https:\/\/api.w.org\/{rel}","templated":true}]}}