{"id":209,"date":"2024-06-10T21:50:52","date_gmt":"2024-06-10T21:50:52","guid":{"rendered":"https:\/\/www.spanishmadeasy.com\/?page_id=209"},"modified":"2025-07-01T08:54:45","modified_gmt":"2025-07-01T08:54:45","slug":"method","status":"publish","type":"page","link":"https:\/\/www.spanishmadeasy.com\/index.php\/method\/","title":{"rendered":"Metodolog\u00eda"},"content":{"rendered":"\n<div class=\"wp-block-group alignfull has-background has-global-padding is-layout-constrained wp-container-core-group-is-layout-4671bf13 wp-block-group-is-layout-constrained\" id=\"method\" style=\"border-style:none;border-width:0px;border-radius:18px;background-color:#ffd365;min-height:0px;margin-top:0;margin-bottom:0;padding-top:var(--wp--preset--spacing--40);padding-bottom:var(--wp--preset--spacing--40)\">\n<div class=\"wp-block-columns alignwide is-layout-flex wp-container-core-columns-is-layout-2c8f09fd wp-block-columns-is-layout-flex\">\n<div class=\"wp-block-column is-vertically-aligned-center is-layout-flow wp-container-core-column-is-layout-8a368f38 wp-block-column-is-layout-flow\" style=\"flex-basis:33.33%\">\n<h2 class=\"wp-block-heading has-vivid-red-color has-text-color has-link-color has-adlam-display-font-family wp-elements-1a673bcc929a68540b078a03b2254d7c\" style=\"margin-top:var(--wp--preset--spacing--small);margin-bottom:var(--wp--preset--spacing--30);font-size:clamp(35.641px, 2.228rem + ((1vw - 3.2px) * 4.587), 65px);\">Razones para aprender con Spanish Made Easy<\/h2>\n\n\n\n<p class=\"has-small-font-size\" style=\"padding-bottom:var(--wp--preset--spacing--40);font-style:normal;font-weight:600;line-height:1.8\"><\/p>\n\n\n\n<div class=\"wp-block-buttons is-content-justification-center is-layout-flex wp-container-core-buttons-is-layout-a89b3969 wp-block-buttons-is-layout-flex\">\n<div class=\"wp-block-button\"><a class=\"wp-block-button__link has-text-align-center wp-element-button\" href=\"https:\/\/www.spanishmadeasy.com\/index.php\/our-courses\/\">Reserva<\/a><\/div>\n<\/div>\n<\/div>\n\n\n\n<div class=\"wp-block-column is-layout-flow wp-block-column-is-layout-flow\">\n<div class=\"wp-block-columns alignwide is-layout-flex wp-container-core-columns-is-layout-c357d376 wp-block-columns-is-layout-flex\" style=\"margin-bottom:20px\">\n<div class=\"wp-block-column is-layout-flow wp-block-column-is-layout-flow\">\n<div class=\"wp-block-group height-full has-bg-color-background-color has-background has-global-padding is-content-justification-center is-layout-constrained wp-container-core-group-is-layout-a3ef863d wp-block-group-is-layout-constrained\" style=\"border-radius:20px;padding-top:var(--wp--preset--spacing--40);padding-right:var(--wp--preset--spacing--40);padding-bottom:var(--wp--preset--spacing--40);padding-left:var(--wp--preset--spacing--40)\">\n<figure class=\"wp-block-image aligncenter size-full is-resized Nexara-Duotone-Primary\"><img decoding=\"async\" src=\"https:\/\/www.spanishmadeasy.com\/wp-content\/themes\/nexara\/\/assets\/images\/quality-1.svg\" alt=\"\" style=\"object-fit:cover;width:40px;height:40px\"\/><\/figure>\n\n\n\n<h5 class=\"wp-block-heading has-text-align-center has-medium-font-size\" style=\"margin-top:var(--wp--preset--spacing--40);margin-bottom:var(--wp--preset--spacing--20);line-height:1.4\">Clases grabadas<\/h5>\n\n\n\n<p class=\"has-text-align-center has-x-small-font-size\" style=\"font-style:normal;font-weight:500;letter-spacing:0.02em;line-height:1.9\">Puedes tomar las lecciones donde  est\u00e9s, y no te preocupes por perder una clase porque la grabaremos si no puedes asistir.<\/p>\n<\/div>\n<\/div>\n\n\n\n<div class=\"wp-block-column is-layout-flow wp-block-column-is-layout-flow\">\n<div class=\"wp-block-group height-full has-bg-color-background-color has-background has-global-padding is-content-justification-center is-layout-constrained wp-container-core-group-is-layout-a3ef863d wp-block-group-is-layout-constrained\" style=\"border-radius:20px;padding-top:var(--wp--preset--spacing--40);padding-right:var(--wp--preset--spacing--40);padding-bottom:var(--wp--preset--spacing--40);padding-left:var(--wp--preset--spacing--40)\">\n<figure class=\"wp-block-image aligncenter size-full Nexara-Duotone-Primary\"><img decoding=\"async\" src=\"https:\/\/www.spanishmadeasy.com\/wp-content\/themes\/nexara\/\/assets\/images\/quality-2.svg\" alt=\"\"\/><\/figure>\n\n\n\n<h5 class=\"wp-block-heading has-text-align-center has-medium-font-size\" style=\"margin-top:var(--wp--preset--spacing--40);margin-bottom:var(--wp--preset--spacing--20);line-height:1.4\">Precio justo<\/h5>\n\n\n\n<p class=\"has-text-align-center has-x-small-font-size\" style=\"font-style:normal;font-weight:500;letter-spacing:0.02em;line-height:1.9\">Nuestros precios est\u00e1n justificados por los numerosos beneficios que recibes al adquirir un curso.<\/p>\n<\/div>\n<\/div>\n<\/div>\n\n\n\n<div class=\"wp-block-columns alignwide is-layout-flex wp-container-core-columns-is-layout-28f84493 wp-block-columns-is-layout-flex\">\n<div class=\"wp-block-column height-full is-layout-flow wp-block-column-is-layout-flow\">\n<div class=\"wp-block-group height-full has-bg-color-background-color has-background has-global-padding is-content-justification-center is-layout-constrained wp-container-core-group-is-layout-a3ef863d wp-block-group-is-layout-constrained\" style=\"border-radius:20px;padding-top:var(--wp--preset--spacing--40);padding-right:var(--wp--preset--spacing--40);padding-bottom:var(--wp--preset--spacing--40);padding-left:var(--wp--preset--spacing--40)\">\n<figure class=\"wp-block-image aligncenter size-full Nexara-Duotone-Primary\"><img decoding=\"async\" src=\"https:\/\/www.spanishmadeasy.com\/wp-content\/themes\/nexara\/\/assets\/images\/quality-3.svg\" alt=\"\"\/><\/figure>\n\n\n\n<h5 class=\"wp-block-heading has-text-align-center has-medium-font-size\" style=\"margin-top:var(--wp--preset--spacing--40);margin-bottom:var(--wp--preset--spacing--20);line-height:1.4\">M\u00e9todo personalizado<\/h5>\n\n\n\n<p class=\"has-text-align-center has-x-small-font-size\" style=\"font-style:normal;font-weight:500;letter-spacing:0.02em;line-height:1.9\">Despu\u00e9s de a\u00f1os de experiencia, hemos desarrollado la mejor metodolog\u00eda, priorizando la conversaci\u00f3n y la interactividad. Creemos que el m\u00e9todo de aula invertida es el m\u00e1s efectivo, por eso te enviaremos el material antes  de la lecci\u00f3n, para que puedas comenzar a aprender. <\/p>\n<\/div>\n<\/div>\n\n\n\n<div class=\"wp-block-column is-layout-flow wp-block-column-is-layout-flow\">\n<div class=\"wp-block-group height-full has-bg-color-background-color has-background has-global-padding is-content-justification-center is-layout-constrained wp-container-core-group-is-layout-a3ef863d wp-block-group-is-layout-constrained\" style=\"border-radius:20px;padding-top:var(--wp--preset--spacing--40);padding-right:var(--wp--preset--spacing--40);padding-bottom:var(--wp--preset--spacing--40);padding-left:var(--wp--preset--spacing--40)\">\n<figure class=\"wp-block-image aligncenter size-full Nexara-Duotone-Primary\"><img decoding=\"async\" src=\"https:\/\/www.spanishmadeasy.com\/wp-content\/themes\/nexara\/\/assets\/images\/quality-4.svg\" alt=\"\"\/><\/figure>\n\n\n\n<h5 class=\"wp-block-heading has-text-align-center has-medium-font-size\" style=\"margin-top:var(--wp--preset--spacing--40);margin-bottom:var(--wp--preset--spacing--20);line-height:1.4\">Whatsapp para practicar todos los d\u00edas<\/h5>\n\n\n\n<p class=\"has-text-align-center has-x-small-font-size\" style=\"font-style:normal;font-weight:500;letter-spacing:0.02em;line-height:1.9\">\u00bfQuieres practicar m\u00e1s despu\u00e9s de las lecciones? Te ofrecemos una oportunidad adicional para tu vida diaria. Practicar\u00e1s en un grupo de WhatsApp con otros estudiantes, y nosotros corregiremos tus errores.<\/p>\n<\/div>\n<\/div>\n<\/div>\n<\/div>\n<\/div>\n\n\n\n<p class=\"has-text-align-center has-adlam-display-font-family has-xxlarge-font-size\"><strong>M\u00e1s razones<\/strong><\/p>\n\n\n\n<ol class=\"wp-block-list\">\n<li class=\"has-manrope-font-family has-xmedium-font-size\" style=\"font-style:normal;font-weight:300\">Metodolog\u00eda basada en la conversaci\u00f3n con juegos de roles y otros juegos conversacionales donde la diversi\u00f3n y la interactividad son clave.<\/li>\n\n\n\n<li class=\"has-manrope-font-family has-xmedium-font-size\" style=\"font-style:normal;font-weight:300\">Recibes material personalizado seg\u00fan tus necesidades e intereses; las tareas y actividades se elegir\u00e1n dependiendo de tus objetivos.<\/li>\n\n\n\n<li class=\"has-manrope-font-family has-xmedium-font-size\" style=\"font-style:normal;font-weight:300\">El acceso a nuestros cursos incluye muchas actividades interactivas para practicar.<\/li>\n\n\n\n<li class=\"has-manrope-font-family has-xmedium-font-size\" style=\"font-style:normal;font-weight:300\">Los videos de gram\u00e1tica est\u00e1n grabados para que puedas verlos y repetirlos tantas veces como necesites para comprender completamente el contenido, con ejercicios adicionales.<\/li>\n\n\n\n<li class=\"has-manrope-font-family has-xmedium-font-size\" style=\"font-style:normal;font-weight:300\">Te ofrecemos la oportunidad de complementar tu aprendizaje con nuestro grupo de chat en WhatsApp.<\/li>\n<\/ol>\n\n\n\n<div style=\"height:33px\" aria-hidden=\"true\" class=\"wp-block-spacer\"><\/div>\n\n\n\n<p class=\"has-text-align-center has-xlarge-font-size\">\u00bfC\u00f3mo es una clase de Spanish Made Easy?<\/p>\n\n\n\n<p class=\"has-text-align-center has-manrope-font-family has-xmedium-font-size\" style=\"font-style:normal;font-weight:300\">Antes de comenzar nuestra primera lecci\u00f3n, compartiremos una carpeta en Drive contigo, donde encontrar\u00e1s algunos materiales de vocabulario y gram\u00e1tica en caso de que quieras prepararte para la primera lecci\u00f3n. Como puedes ver, recibir\u00e1s tres carpetas diferentes con las notas de la lecci\u00f3n, gram\u00e1tica y tareas. Tambi\u00e9n recibir\u00e1s un archivo con frases \u00fatiles que puedes usar durante las lecciones (\u00e9chale un vistazo aqu\u00ed) y un documento con nuestras recomendaciones de m\u00fasica, canales de YouTube y m\u00e1s. Simplemente no queremos que te sientas perdido en tu aprendizaje, y por eso estamos tan organizados.<\/p>\n\n\n\n<div style=\"height:33px\" aria-hidden=\"true\" class=\"wp-block-spacer\"><\/div>\n\n\n\n<div style=\"height:33px\" aria-hidden=\"true\" class=\"wp-block-spacer\"><\/div>\n\n\n\n<figure class=\"wp-block-image size-large\"><img fetchpriority=\"high\" decoding=\"async\" width=\"1024\" height=\"535\" src=\"https:\/\/www.spanishmadeasy.com\/wp-content\/uploads\/2024\/06\/Captura-de-pantalla-25-1-1024x535.png\" alt=\"\" class=\"wp-image-333\" srcset=\"https:\/\/www.spanishmadeasy.com\/wp-content\/uploads\/2024\/06\/Captura-de-pantalla-25-1-1024x535.png 1024w, https:\/\/www.spanishmadeasy.com\/wp-content\/uploads\/2024\/06\/Captura-de-pantalla-25-1-600x313.png 600w, https:\/\/www.spanishmadeasy.com\/wp-content\/uploads\/2024\/06\/Captura-de-pantalla-25-1-300x157.png 300w, https:\/\/www.spanishmadeasy.com\/wp-content\/uploads\/2024\/06\/Captura-de-pantalla-25-1-768x401.png 768w, https:\/\/www.spanishmadeasy.com\/wp-content\/uploads\/2024\/06\/Captura-de-pantalla-25-1-1536x803.png 1536w, https:\/\/www.spanishmadeasy.com\/wp-content\/uploads\/2024\/06\/Captura-de-pantalla-25-1-2048x1070.png 2048w\" sizes=\"(max-width: 1024px) 100vw, 1024px\" \/><\/figure>\n\n\n\n<div style=\"height:56px\" aria-hidden=\"true\" class=\"wp-block-spacer\"><\/div>\n\n\n\n<p class=\"has-text-align-center has-large-font-size\"><\/p>\n\n\n\n<div style=\"width: 100%;\"><div style=\"position: relative; padding-bottom: 56.25%; padding-top: 0; height: 0;\"><iframe title=\"estructura\" frameborder=\"0\" width=\"1200\" height=\"675\" style=\"position: absolute; top: 0; left: 0; width: 100%; height: 100%;\" src=\"https:\/\/view.genially.com\/6672a1210288770014ee8fa0\" type=\"text\/html\" allowscriptaccess=\"always\" allowfullscreen=\"true\" scrolling=\"yes\" allownetworking=\"all\"><\/iframe> <\/div> <\/div>\n<\/div>\n","protected":false},"excerpt":{"rendered":"<p>Razones para aprender con Spanish Made Easy Clases grabadas Puedes tomar las lecciones donde est\u00e9s, y no te preocupes por perder una clase porque la grabaremos si no puedes asistir. Precio justo Nuestros precios est\u00e1n justificados por los numerosos beneficios que recibes al adquirir un curso. M\u00e9todo personalizado Despu\u00e9s de a\u00f1os de experiencia, hemos desarrollado [&hellip;]<\/p>\n","protected":false},"author":1,"featured_media":0,"parent":0,"menu_order":0,"comment_status":"closed","ping_status":"closed","template":"","meta":{"_kadence_starter_templates_imported_post":false,"_joinchat":[],"footnotes":""},"class_list":["post-209","page","type-page","status-publish","hentry"],"_links":{"self":[{"href":"https:\/\/www.spanishmadeasy.com\/index.php\/wp-json\/wp\/v2\/pages\/209","targetHints":{"allow":["GET"]}}],"collection":[{"href":"https:\/\/www.spanishmadeasy.com\/index.php\/wp-json\/wp\/v2\/pages"}],"about":[{"href":"https:\/\/www.spanishmadeasy.com\/index.php\/wp-json\/wp\/v2\/types\/page"}],"author":[{"embeddable":true,"href":"https:\/\/www.spanishmadeasy.com\/index.php\/wp-json\/wp\/v2\/users\/1"}],"replies":[{"embeddable":true,"href":"https:\/\/www.spanishmadeasy.com\/index.php\/wp-json\/wp\/v2\/comments?post=209"}],"version-history":[{"count":11,"href":"https:\/\/www.spanishmadeasy.com\/index.php\/wp-json\/wp\/v2\/pages\/209\/revisions"}],"predecessor-version":[{"id":4164,"href":"https:\/\/www.spanishmadeasy.com\/index.php\/wp-json\/wp\/v2\/pages\/209\/revisions\/4164"}],"wp:attachment":[{"href":"https:\/\/www.spanishmadeasy.com\/index.php\/wp-json\/wp\/v2\/media?parent=209"}],"curies":[{"name":"wp","href":"https:\/\/api.w.org\/{rel}","templated":true}]}}