{"id":153,"date":"2024-06-09T19:25:39","date_gmt":"2024-06-09T19:25:39","guid":{"rendered":"https:\/\/www.spanishmadeasy.com\/?page_id=153"},"modified":"2025-03-01T15:11:20","modified_gmt":"2025-03-01T15:11:20","slug":"our-courses","status":"publish","type":"page","link":"https:\/\/www.spanishmadeasy.com\/index.php\/our-courses\/","title":{"rendered":"Nuestras clases"},"content":{"rendered":"\n<p style=\"padding-top:0px;padding-right:238px;padding-bottom:0px;padding-left:238px\"><\/p>\n\n\n\n<div class=\"wp-block-group is-layout-grid wp-container-core-group-is-layout-988b637e wp-block-group-is-layout-grid\">\n<h2 class=\"wp-block-heading has-text-align-center has-primary-background-color has-background has-adlam-display-font-family has-large-font-size wp-container-content-2155ee95\" style=\"border-radius:43px;margin-right:var(--wp--preset--spacing--10);margin-left:var(--wp--preset--spacing--10)\"><mark style=\"background-color:rgba(0, 0, 0, 0);color:#760707\" class=\"has-inline-color\">Clases privadas  <\/mark><\/h2>\n\n\n\n<h2 class=\"wp-block-heading has-text-align-center has-primary-background-color has-background has-adlam-display-font-family has-large-font-size wp-container-content-6df3295e\" style=\"border-radius:45px;margin-right:var(--wp--preset--spacing--10);margin-left:var(--wp--preset--spacing--10)\"><mark style=\"background-color:rgba(0, 0, 0, 0);color:#760707\" class=\"has-inline-color\"><strong>Clases grupales<\/strong><\/mark><\/h2>\n\n\n\n<h2 class=\"wp-block-heading has-text-align-center has-primary-background-color has-background has-adlam-display-font-family has-large-font-size wp-container-content-6df3295e\" style=\"border-radius:45px;margin-right:var(--wp--preset--spacing--10);margin-left:var(--wp--preset--spacing--10)\"><mark style=\"background-color:rgba(0, 0, 0, 0);color:#760707\" class=\"has-inline-color\">Grupo de Whatsapp<\/mark><\/h2>\n<\/div>\n\n\n\n<div class=\"wp-block-group is-layout-grid wp-container-core-group-is-layout-988b637e wp-block-group-is-layout-grid\">\n<p class=\"has-text-align-center has-primary-background-color has-background has-manrope-font-family wp-container-content-2155ee95\" style=\"border-radius:43px;margin-right:var(--wp--preset--spacing--10);margin-left:var(--wp--preset--spacing--10)\">Lecciones personalizadas seg\u00fan tus necesidades. Ofrecemos un curso a medida dise\u00f1ado para que te sientas c\u00f3modo hablando en situaciones cotidianas. <\/p>\n\n\n\n<p class=\"has-text-align-center has-primary-background-color has-background has-manrope-font-family wp-container-content-2155ee95\" style=\"border-radius:43px;margin-right:var(--wp--preset--spacing--10);margin-left:var(--wp--preset--spacing--10)\">\u00bfTe gustar\u00eda aprender mientras conoces a nuevas personas de todo el mundo de la manera m\u00e1s divertida y eficiente? \u00a1Entonces este es el curso para ti! <\/p>\n\n\n\n<p class=\"has-text-align-center has-primary-background-color has-background has-manrope-font-family wp-container-content-2155ee95\" style=\"border-radius:43px;margin-right:var(--wp--preset--spacing--10);margin-left:var(--wp--preset--spacing--10)\">Practica todos los d\u00edas con WhatsApp. Puedes aprovechar esos momentos libres para aprender y mejorar tu fluidez en espa\u00f1ol. Corregimos tus errores y te motivamos con diferentes temas.<\/p>\n\n\n\n<div class=\"wp-block-buttons is-content-justification-center is-layout-flex wp-container-core-buttons-is-layout-98935462 wp-block-buttons-is-layout-flex\" style=\"margin-top:var(--wp--preset--spacing--10);margin-bottom:var(--wp--preset--spacing--10)\">\n<div class=\"wp-block-button\"><a class=\"wp-block-button__link has-text-align-center wp-element-button\" href=\"https:\/\/www.spanishmadeasy.com\/index.php\/private-lessons\/\" style=\"padding-top:var(--wp--preset--spacing--40);padding-bottom:var(--wp--preset--spacing--40)\">M\u00e1s info<\/a><\/div>\n<\/div>\n\n\n\n<div class=\"wp-block-buttons is-content-justification-center is-layout-flex wp-container-core-buttons-is-layout-a89b3969 wp-block-buttons-is-layout-flex\">\n<div class=\"wp-block-button\"><a class=\"wp-block-button__link wp-element-button\" href=\"https:\/\/www.spanishmadeasy.com\/index.php\/group-lessons\/\" style=\"padding-top:var(--wp--preset--spacing--40);padding-bottom:var(--wp--preset--spacing--40)\">M\u00e1s info<\/a><\/div>\n<\/div>\n\n\n\n<div class=\"wp-block-buttons is-content-justification-center is-layout-flex wp-container-core-buttons-is-layout-a89b3969 wp-block-buttons-is-layout-flex\">\n<div class=\"wp-block-button\"><a class=\"wp-block-button__link has-text-align-center wp-element-button\" href=\"https:\/\/www.spanishmadeasy.com\/index.php\/whatsapp-practice\/\" style=\"padding-top:var(--wp--preset--spacing--40);padding-bottom:var(--wp--preset--spacing--40)\">M\u00e1s info<\/a><\/div>\n<\/div>\n<\/div>\n\n\n\n<p><\/p>\n","protected":false},"excerpt":{"rendered":"<p>Clases privadas Clases grupales Grupo de Whatsapp Lecciones personalizadas seg\u00fan tus necesidades. Ofrecemos un curso a medida dise\u00f1ado para que te sientas c\u00f3modo hablando en situaciones cotidianas. \u00bfTe gustar\u00eda aprender mientras conoces a nuevas personas de todo el mundo de la manera m\u00e1s divertida y eficiente? \u00a1Entonces este es el curso para ti! Practica todos [&hellip;]<\/p>\n","protected":false},"author":1,"featured_media":0,"parent":0,"menu_order":0,"comment_status":"closed","ping_status":"closed","template":"","meta":{"_kadence_starter_templates_imported_post":false,"_joinchat":[],"footnotes":""},"class_list":["post-153","page","type-page","status-publish","hentry"],"_links":{"self":[{"href":"https:\/\/www.spanishmadeasy.com\/index.php\/wp-json\/wp\/v2\/pages\/153","targetHints":{"allow":["GET"]}}],"collection":[{"href":"https:\/\/www.spanishmadeasy.com\/index.php\/wp-json\/wp\/v2\/pages"}],"about":[{"href":"https:\/\/www.spanishmadeasy.com\/index.php\/wp-json\/wp\/v2\/types\/page"}],"author":[{"embeddable":true,"href":"https:\/\/www.spanishmadeasy.com\/index.php\/wp-json\/wp\/v2\/users\/1"}],"replies":[{"embeddable":true,"href":"https:\/\/www.spanishmadeasy.com\/index.php\/wp-json\/wp\/v2\/comments?post=153"}],"version-history":[{"count":10,"href":"https:\/\/www.spanishmadeasy.com\/index.php\/wp-json\/wp\/v2\/pages\/153\/revisions"}],"predecessor-version":[{"id":2895,"href":"https:\/\/www.spanishmadeasy.com\/index.php\/wp-json\/wp\/v2\/pages\/153\/revisions\/2895"}],"wp:attachment":[{"href":"https:\/\/www.spanishmadeasy.com\/index.php\/wp-json\/wp\/v2\/media?parent=153"}],"curies":[{"name":"wp","href":"https:\/\/api.w.org\/{rel}","templated":true}]}}