{"id":137,"date":"2024-06-09T18:30:59","date_gmt":"2024-06-09T18:30:59","guid":{"rendered":"https:\/\/www.spanishmadeasy.com\/?page_id=137"},"modified":"2024-10-09T20:43:23","modified_gmt":"2024-10-09T20:43:23","slug":"whatsapp-practice","status":"publish","type":"page","link":"https:\/\/www.spanishmadeasy.com\/index.php\/whatsapp-practice\/","title":{"rendered":"Practica en Whatsapp"},"content":{"rendered":"\n<p class=\"has-bg-color-background-color has-background has-open-sauce-sans-font-family has-xmedium-font-size\" style=\"font-style:normal;font-weight:400\">\u00bfQu\u00e9 te parecer\u00eda aprender cada d\u00eda escribiendo o grabando audios en WhatsApp y compartir tu d\u00eda a d\u00eda con otros estudiantes? \u00a1Ese es el objetivo de este servicio extra que ofrecemos!<\/p>\n\n\n\n<p><\/p>\n\n\n\n<p class=\"has-open-sauce-sans-font-family\" style=\"font-style:normal;font-weight:400\">Se nos ocurri\u00f3 esta idea cuando nos dimos cuenta de que nuestros estudiantes no tienen tiempo suficiente para tomar 2 lecciones por semana. Eso no es suficiente si realmente quieres llevar tu espa\u00f1ol al siguiente nivel r\u00e1pidamente.<\/p>\n\n\n\n<div style=\"height:31px\" aria-hidden=\"true\" class=\"wp-block-spacer\"><\/div>\n\n\n\n<p><\/p>\n\n\n\n<p class=\"has-bg-color-color has-vivid-red-background-color has-text-color has-background has-link-color has-open-sauce-sans-font-family has-xmedium-font-size wp-elements-dc8fdbc25ce40d9538989f3af27ffc2a\" style=\"font-style:normal;font-weight:400\"><strong>Pero\u2026 \u00bfc\u00f3mo funciona el grupo? Pues es muy sencillo:<\/strong><\/p>\n\n\n\n<div style=\"height:31px\" aria-hidden=\"true\" class=\"wp-block-spacer\"><\/div>\n\n\n\n<p class=\"has-open-sauce-sans-font-family\" style=\"font-style:normal;font-weight:400\">Todos los d\u00edas, enviaremos un mensaje al grupo para preguntar a los estudiantes cu\u00e1les son sus planes para el d\u00eda. Puedes compartir tus planes con los dem\u00e1s estudiantes del grupo. Despu\u00e9s de un tiempo, te corregir\u00e1 las respuestas y te  proporcionar\u00e1 preguntas adicionales para ayudarte a practicar. Si est\u00e1s demasiado ocupado, no te preocupes. Puedes responder cuando tengas tiempo. \u00a1T\u00fa decides! Cuanto m\u00e1s escribas, m\u00e1s practicar\u00e1s. Tambi\u00e9n puedes compartir v\u00eddeos y fotos en el grupo para que todos puedan conocerte mejor.<\/p>\n\n\n\n<p class=\"has-open-sauce-sans-font-family\" style=\"font-style:normal;font-weight:400\"><\/p>\n\n\n\n<div style=\"height:31px\" aria-hidden=\"true\" class=\"wp-block-spacer\"><\/div>\n\n\n\n<p><\/p>\n\n\n\n<p class=\"has-primary-background-color has-background has-open-sauce-sans-font-family has-xmedium-font-size\" style=\"font-style:normal;font-weight:400\"><strong>Entonces\u2026 \u00bfpor qu\u00e9 deber\u00eda empezar a usarlo?<\/strong><\/p>\n\n\n\n<div style=\"height:25px\" aria-hidden=\"true\" class=\"wp-block-spacer\"><\/div>\n\n\n\n<p class=\"has-open-sauce-sans-font-family\" style=\"font-style:normal;font-weight:400\"><strong>En primer lugar<\/strong>&nbsp;, porque aumentar\u00e1 el tiempo que pasas diariamente en contacto con el espa\u00f1ol, lo que mejorar\u00e1 tu comprensi\u00f3n.<\/p>\n\n\n\n<p><strong>En segundo lugar<\/strong>&nbsp;, porque los profesores corregir\u00e1n tus errores, ayud\u00e1ndote a mejorar tu precisi\u00f3n tanto al hablar como al escribir.<\/p>\n\n\n\n<p><strong>En tercer lugar<\/strong>&nbsp;, porque conocer\u00e1s a otros estudiantes de todo el mundo, ampliando tus perspectivas y enriqueciendo tus conocimientos sobre diferentes culturas.<\/p>\n\n\n\n<p><\/p>\n\n\n\n<div style=\"height:31px\" aria-hidden=\"true\" class=\"wp-block-spacer\"><\/div>\n\n\n\n<p>\u00bfQu\u00e9 te parece? \u00bf&nbsp;<strong>Est\u00e1s listo para empezar a mejorar tu dominio del espa\u00f1ol?<\/strong><\/p>\n\n\n\n<div style=\"height:31px\" aria-hidden=\"true\" class=\"wp-block-spacer\"><\/div>\n\n\n\n<p class=\"has-text-align-center has-bg-color-color has-vivid-red-background-color has-text-color has-background has-link-color wp-elements-a4423ffc2aff1dca59bc5d28debcd701\">Env\u00eda un mensaje en Whatsapp y nos comunicaremos contigo lo antes posible<\/p>\n\n\n\n<div class=\"wp-block-buttons is-content-justification-center is-layout-flex wp-container-core-buttons-is-layout-a89b3969 wp-block-buttons-is-layout-flex\"><\/div>\n\n\n\n<div class=\"wp-block-jetpack-contact-form\" style=\"padding-top:16px;padding-right:16px;padding-bottom:16px;padding-left:16px\">\n\n\n\n\n<\/div>\n","protected":false},"excerpt":{"rendered":"<p>\u00bfQu\u00e9 te parecer\u00eda aprender cada d\u00eda escribiendo o grabando audios en WhatsApp y compartir tu d\u00eda a d\u00eda con otros estudiantes? \u00a1Ese es el objetivo de este servicio extra que ofrecemos! Se nos ocurri\u00f3 esta idea cuando nos dimos cuenta de que nuestros estudiantes no tienen tiempo suficiente para tomar 2 lecciones por semana. Eso [&hellip;]<\/p>\n","protected":false},"author":1,"featured_media":0,"parent":0,"menu_order":0,"comment_status":"closed","ping_status":"closed","template":"","meta":{"_kadence_starter_templates_imported_post":false,"_joinchat":[],"footnotes":""},"class_list":["post-137","page","type-page","status-publish","hentry"],"_links":{"self":[{"href":"https:\/\/www.spanishmadeasy.com\/index.php\/wp-json\/wp\/v2\/pages\/137","targetHints":{"allow":["GET"]}}],"collection":[{"href":"https:\/\/www.spanishmadeasy.com\/index.php\/wp-json\/wp\/v2\/pages"}],"about":[{"href":"https:\/\/www.spanishmadeasy.com\/index.php\/wp-json\/wp\/v2\/types\/page"}],"author":[{"embeddable":true,"href":"https:\/\/www.spanishmadeasy.com\/index.php\/wp-json\/wp\/v2\/users\/1"}],"replies":[{"embeddable":true,"href":"https:\/\/www.spanishmadeasy.com\/index.php\/wp-json\/wp\/v2\/comments?post=137"}],"version-history":[{"count":10,"href":"https:\/\/www.spanishmadeasy.com\/index.php\/wp-json\/wp\/v2\/pages\/137\/revisions"}],"predecessor-version":[{"id":1329,"href":"https:\/\/www.spanishmadeasy.com\/index.php\/wp-json\/wp\/v2\/pages\/137\/revisions\/1329"}],"wp:attachment":[{"href":"https:\/\/www.spanishmadeasy.com\/index.php\/wp-json\/wp\/v2\/media?parent=137"}],"curies":[{"name":"wp","href":"https:\/\/api.w.org\/{rel}","templated":true}]}}